{"id":7350,"date":"2021-11-10T07:08:20","date_gmt":"2021-11-10T07:08:20","guid":{"rendered":"https:\/\/shellautomotiveproducts.com\/warranty-registration\/"},"modified":"2022-05-18T06:50:35","modified_gmt":"2022-05-18T06:50:35","slug":"enregistrement-de-la-garantie","status":"publish","type":"page","link":"https:\/\/shellautomotiveproducts.com\/fr\/enregistrement-de-la-garantie\/","title":{"rendered":"Enregistrement De La Garantie"},"content":{"rendered":"\t\t<div data-elementor-type=\"wp-page\" data-elementor-id=\"7350\" class=\"elementor elementor-7350\" data-elementor-post-type=\"page\">\n\t\t\t\t\t\t<section class=\"elementor-section elementor-top-section elementor-element elementor-element-47a4d705 elementor-section-content-middle elementor-section-boxed elementor-section-height-default elementor-section-height-default\" data-id=\"47a4d705\" data-element_type=\"section\" data-e-type=\"section\" data-settings=\"{&quot;background_background&quot;:&quot;classic&quot;}\">\n\t\t\t\t\t\t\t<div class=\"elementor-background-overlay\"><\/div>\n\t\t\t\t\t\t\t<div class=\"elementor-container elementor-column-gap-no\">\n\t\t\t\t\t<div class=\"elementor-column elementor-col-100 elementor-top-column elementor-element elementor-element-786dfbfa\" data-id=\"786dfbfa\" data-element_type=\"column\" data-e-type=\"column\">\n\t\t\t<div class=\"elementor-widget-wrap elementor-element-populated\">\n\t\t\t\t\t\t<div class=\"elementor-element elementor-element-1cc96521 elementor-widget elementor-widget-heading\" data-id=\"1cc96521\" data-element_type=\"widget\" data-e-type=\"widget\" data-widget_type=\"heading.default\">\n\t\t\t\t<div class=\"elementor-widget-container\">\n\t\t\t\t\t<h1 class=\"elementor-heading-title elementor-size-default\">ENREGISTREMENT DE LA GARANTIE<\/h1>\t\t\t\t<\/div>\n\t\t\t\t<\/div>\n\t\t\t\t\t<\/div>\n\t\t<\/div>\n\t\t\t\t\t<\/div>\n\t\t<\/section>\n\t\t\t\t<section class=\"elementor-section elementor-top-section elementor-element elementor-element-381ae40e elementor-section-content-middle elementor-section-boxed elementor-section-height-default elementor-section-height-default\" data-id=\"381ae40e\" data-element_type=\"section\" data-e-type=\"section\">\n\t\t\t\t\t\t<div class=\"elementor-container elementor-column-gap-default\">\n\t\t\t\t\t<div class=\"elementor-column elementor-col-100 elementor-top-column elementor-element elementor-element-572d9ae5\" data-id=\"572d9ae5\" data-element_type=\"column\" data-e-type=\"column\">\n\t\t\t<div class=\"elementor-widget-wrap elementor-element-populated\">\n\t\t\t\t\t\t<div class=\"elementor-element elementor-element-12e10551 elementor-widget elementor-widget-text-editor\" data-id=\"12e10551\" data-element_type=\"widget\" data-e-type=\"widget\" data-widget_type=\"text-editor.default\">\n\t\t\t\t<div class=\"elementor-widget-container\">\n\t\t\t\t\t\t\t\t\tMerci d&rsquo;avoir achet\u00e9 notre produit Shell. Veuillez enregistrer votre produit en envoyantce formulaire par lo poste ou en remplissant le formulaire en ligne a pour b\u00e9n\u00e9ficier de notre garantie limit\u00e9e. II est important de conserver le re\u00e7u ORIGINAL car il sera n\u00e9cessaire pour les r\u00e9clamations de garantie.\t\t\t\t\t\t\t\t<\/div>\n\t\t\t\t<\/div>\n\t\t\t\t<section class=\"elementor-section elementor-inner-section elementor-element elementor-element-2e03299 elementor-section-boxed elementor-section-height-default elementor-section-height-default\" data-id=\"2e03299\" data-element_type=\"section\" data-e-type=\"section\">\n\t\t\t\t\t\t<div class=\"elementor-container elementor-column-gap-default\">\n\t\t\t\t\t<div class=\"elementor-column elementor-col-25 elementor-inner-column elementor-element elementor-element-95279f1\" data-id=\"95279f1\" data-element_type=\"column\" data-e-type=\"column\">\n\t\t\t<div class=\"elementor-widget-wrap\">\n\t\t\t\t\t\t\t<\/div>\n\t\t<\/div>\n\t\t\t\t<div class=\"elementor-column elementor-col-50 elementor-inner-column elementor-element elementor-element-786e854\" data-id=\"786e854\" data-element_type=\"column\" data-e-type=\"column\">\n\t\t\t<div class=\"elementor-widget-wrap elementor-element-populated\">\n\t\t\t\t\t\t<div class=\"elementor-element elementor-element-6f5bb05 elementor-position-left elementor-vertical-align-top elementor-widget elementor-widget-image-box\" data-id=\"6f5bb05\" data-element_type=\"widget\" data-e-type=\"widget\" data-widget_type=\"image-box.default\">\n\t\t\t\t<div class=\"elementor-widget-container\">\n\t\t\t\t\t<div class=\"elementor-image-box-wrapper\"><figure class=\"elementor-image-box-img\"><img decoding=\"async\" width=\"117\" height=\"117\" src=\"https:\/\/shellautomotiveproducts.com\/wp-content\/uploads\/2021\/11\/letter-icon.png\" class=\"attachment-full size-full wp-image-3390\" alt=\"\" srcset=\"https:\/\/shellautomotiveproducts.com\/wp-content\/uploads\/2021\/11\/letter-icon.png 117w, https:\/\/shellautomotiveproducts.com\/wp-content\/uploads\/2021\/11\/letter-icon-100x100.png 100w\" sizes=\"(max-width: 117px) 100vw, 117px\" \/><\/figure><div class=\"elementor-image-box-content\"><p class=\"elementor-image-box-description\"><div style=\"line-height:1\">\n<h5 style=\"margin:0;line-height: 1\">Camelion Am\u00e9rique du Nord Inc.<\/h5>\n2572, boulevard Daniel-Johnson I 2e \u00e9tage,<br>\nLaval QC H7T 2R3 Canada\n<\/div><\/p><\/div><\/div>\t\t\t\t<\/div>\n\t\t\t\t<\/div>\n\t\t\t\t\t<\/div>\n\t\t<\/div>\n\t\t\t\t<div class=\"elementor-column elementor-col-25 elementor-inner-column elementor-element elementor-element-8015ab2\" data-id=\"8015ab2\" data-element_type=\"column\" data-e-type=\"column\">\n\t\t\t<div class=\"elementor-widget-wrap\">\n\t\t\t\t\t\t\t<\/div>\n\t\t<\/div>\n\t\t\t\t\t<\/div>\n\t\t<\/section>\n\t\t\t\t<div class=\"elementor-element elementor-element-952f2a2 elementor-widget-divider--view-line elementor-widget elementor-widget-divider\" data-id=\"952f2a2\" data-element_type=\"widget\" data-e-type=\"widget\" data-widget_type=\"divider.default\">\n\t\t\t\t<div class=\"elementor-widget-container\">\n\t\t\t\t\t\t\t<div class=\"elementor-divider\">\n\t\t\t<span class=\"elementor-divider-separator\">\n\t\t\t\t\t\t<\/span>\n\t\t<\/div>\n\t\t\t\t\t\t<\/div>\n\t\t\t\t<\/div>\n\t\t\t\t<div class=\"elementor-element elementor-element-c09a8cb elementor-widget elementor-widget-heading\" data-id=\"c09a8cb\" data-element_type=\"widget\" data-e-type=\"widget\" data-widget_type=\"heading.default\">\n\t\t\t\t<div class=\"elementor-widget-container\">\n\t\t\t\t\t<h3 class=\"elementor-heading-title elementor-size-default\">IDENTIFICATION<\/h3>\t\t\t\t<\/div>\n\t\t\t\t<\/div>\n\t\t\t\t<div class=\"elementor-element elementor-element-74523ac elementor-widget elementor-widget-shortcode\" data-id=\"74523ac\" data-element_type=\"widget\" data-e-type=\"widget\" data-widget_type=\"shortcode.default\">\n\t\t\t\t<div class=\"elementor-widget-container\">\n\t\t\t\t\t\t\t<div class=\"elementor-shortcode\">\n<div class=\"wpcf7 no-js\" id=\"wpcf7-f7348-o1\" lang=\"fr-FR\" dir=\"ltr\">\n<div class=\"screen-reader-response\"><p role=\"status\" aria-live=\"polite\" aria-atomic=\"true\"><\/p> <ul><\/ul><\/div>\n<form action=\"\/fr\/wp-json\/wp\/v2\/pages\/7350#wpcf7-f7348-o1\" method=\"post\" class=\"wpcf7-form init\" aria-label=\"Formulaire de contact\" novalidate=\"novalidate\" data-status=\"init\">\n<div style=\"display: none;\">\n<input type=\"hidden\" name=\"_wpcf7\" value=\"7348\" \/>\n<input type=\"hidden\" name=\"_wpcf7_version\" value=\"5.9.8\" \/>\n<input type=\"hidden\" name=\"_wpcf7_locale\" value=\"fr_FR\" \/>\n<input type=\"hidden\" name=\"_wpcf7_unit_tag\" value=\"wpcf7-f7348-o1\" \/>\n<input type=\"hidden\" name=\"_wpcf7_container_post\" value=\"0\" \/>\n<input type=\"hidden\" name=\"_wpcf7_posted_data_hash\" value=\"\" \/>\n<input type=\"hidden\" name=\"_wpcf7_recaptcha_response\" value=\"\" \/>\n<\/div>\n<div class=\"warranty_form\">\n\t<div class=\"row d-flex form-space\">\n\t\t<div class=\"left\">\n\t\t\t<p><span class=\"wpcf7-form-control-wrap\" data-name=\"first-name\"><input size=\"40\" maxlength=\"400\" class=\"wpcf7-form-control wpcf7-text wpcf7-validates-as-required\" aria-required=\"true\" aria-invalid=\"false\" value=\"\" type=\"text\" name=\"first-name\" \/><\/span>\n\t\t\t<\/p>\n\t\t\t<p>Pr\u00e9nom*\n\t\t\t<\/p>\n\t\t<\/div>\n\t\t<div class=\"right\">\n\t\t\t<p><span class=\"wpcf7-form-control-wrap\" data-name=\"last-name\"><input size=\"40\" maxlength=\"400\" class=\"wpcf7-form-control wpcf7-text wpcf7-validates-as-required\" aria-required=\"true\" aria-invalid=\"false\" value=\"\" type=\"text\" name=\"last-name\" \/><\/span>\n\t\t\t<\/p>\n\t\t\t<p>Nom de famille*\n\t\t\t<\/p>\n\t\t<\/div>\n\t<\/div>\n\t<div class=\"row d-flex form-space\">\n\t\t<div class=\"left\">\n\t\t\t<p><span class=\"wpcf7-form-control-wrap\" data-name=\"your-email\"><input size=\"40\" maxlength=\"400\" class=\"wpcf7-form-control wpcf7-email wpcf7-validates-as-required wpcf7-text wpcf7-validates-as-email\" aria-required=\"true\" aria-invalid=\"false\" value=\"\" type=\"email\" name=\"your-email\" \/><\/span>\n\t\t\t<\/p>\n\t\t\t<p>Courriel (requis si vous vous enregistr\u00e9 en ligne)\n\t\t\t<\/p>\n\t\t<\/div>\n\t\t<div class=\"right\">\n\t\t\t<p><span class=\"wpcf7-form-control-wrap\" data-name=\"your-tel\"><input size=\"40\" maxlength=\"400\" class=\"wpcf7-form-control wpcf7-tel wpcf7-validates-as-required wpcf7-text wpcf7-validates-as-tel\" aria-required=\"true\" aria-invalid=\"false\" value=\"\" type=\"tel\" name=\"your-tel\" \/><\/span>\n\t\t\t<\/p>\n\t\t\t<p>T\u00e9l\u00e9phone (jour)*\n\t\t\t<\/p>\n\t\t<\/div>\n\t<\/div>\n\t<div class=\"row top-margin\">\n\t\t<p><span class=\"wpcf7-form-control-wrap\" data-name=\"address-one\"><input size=\"40\" maxlength=\"400\" class=\"wpcf7-form-control wpcf7-text wpcf7-validates-as-required\" aria-required=\"true\" aria-invalid=\"false\" value=\"\" type=\"text\" name=\"address-one\" \/><\/span>\n\t\t<\/p>\n\t\t<p>Adresse 1*\n\t\t<\/p>\n\t<\/div>\n\t<div class=\"row top-margin\">\n\t\t<p><span class=\"wpcf7-form-control-wrap\" data-name=\"address-two\"><input size=\"40\" maxlength=\"400\" class=\"wpcf7-form-control wpcf7-text\" aria-invalid=\"false\" value=\"\" type=\"text\" name=\"address-two\" \/><\/span>\n\t\t<\/p>\n\t\t<p>Adresse 2\n\t\t<\/p>\n\t<\/div>\n\t<div class=\"row d-flex form-space\">\n\t\t<div class=\"left\">\n\t\t\t<p><span class=\"wpcf7-form-control-wrap\" data-name=\"your-city\"><input size=\"40\" maxlength=\"400\" class=\"wpcf7-form-control wpcf7-text wpcf7-validates-as-required\" aria-required=\"true\" aria-invalid=\"false\" value=\"\" type=\"text\" name=\"your-city\" \/><\/span>\n\t\t\t<\/p>\n\t\t\t<p>Ville*\n\t\t\t<\/p>\n\t\t<\/div>\n\t\t<div class=\"right\">\n\t\t\t<p><span class=\"wpcf7-form-control-wrap\" data-name=\"your-state\"><input size=\"40\" maxlength=\"400\" class=\"wpcf7-form-control wpcf7-text wpcf7-validates-as-required\" aria-required=\"true\" aria-invalid=\"false\" value=\"\" type=\"text\" name=\"your-state\" \/><\/span>\n\t\t\t<\/p>\n\t\t\t<p>Province\/\u00c9tat*\n\t\t\t<\/p>\n\t\t<\/div>\n\t<\/div>\n\t<div class=\"row d-flex form-space\">\n\t\t<div class=\"left\">\n\t\t\t<p><span class=\"wpcf7-form-control-wrap\" data-name=\"your-country\"><input size=\"40\" maxlength=\"400\" class=\"wpcf7-form-control wpcf7-text wpcf7-validates-as-required\" aria-required=\"true\" aria-invalid=\"false\" value=\"\" type=\"text\" name=\"your-country\" \/><\/span>\n\t\t\t<\/p>\n\t\t\t<p>Pays*\n\t\t\t<\/p>\n\t\t<\/div>\n\t\t<div class=\"right\">\n\t\t\t<p><span class=\"wpcf7-form-control-wrap\" data-name=\"your-zip\"><input size=\"40\" maxlength=\"400\" class=\"wpcf7-form-control wpcf7-text wpcf7-validates-as-required\" aria-required=\"true\" aria-invalid=\"false\" value=\"\" type=\"text\" name=\"your-zip\" \/><\/span>\n\t\t\t<\/p>\n\t\t\t<p>Code postal*\n\t\t\t<\/p>\n\t\t<\/div>\n\t<\/div>\n\t<div class=\"heading\">\n\t\t<h3>INFORMATION PRODUIT\n\t\t<\/h3>\n\t<\/div>\n\t<div class=\"form-control d-flex date-form\">\n\t\t<div class=\"model-no\">\n\t\t\t<p><span class=\"wpcf7-form-control-wrap\" data-name=\"model-number\"><input size=\"40\" maxlength=\"400\" class=\"wpcf7-form-control wpcf7-text wpcf7-validates-as-required\" aria-required=\"true\" aria-invalid=\"false\" value=\"\" type=\"text\" name=\"model-number\" \/><\/span>\n\t\t\t<\/p>\n\t\t\t<p>Num\u00e9ro de mod\u00e8le*\n\t\t\t<\/p>\n\t\t<\/div>\n\t\t<div class=\"serial-no\">\n\t\t\t<p><span class=\"wpcf7-form-control-wrap\" data-name=\"serial-number\"><input size=\"40\" maxlength=\"400\" class=\"wpcf7-form-control wpcf7-text wpcf7-validates-as-required\" aria-required=\"true\" aria-invalid=\"false\" value=\"\" type=\"text\" name=\"serial-number\" \/><\/span>\n\t\t\t<\/p>\n\t\t\t<p>Num\u00e9ro de s\u00e9rie*\n\t\t\t<\/p>\n\t\t<\/div>\n\t\t<div class=\"month-no d-flex\">\n\t\t\t<p><span class=\"wpcf7-form-control-wrap\" data-name=\"date-purchased\"><input class=\"wpcf7-form-control wpcf7-date wpcf7-validates-as-required wpcf7-validates-as-date\" aria-required=\"true\" aria-invalid=\"false\" placeholder=\"month\/day\/year\" value=\"\" type=\"date\" name=\"date-purchased\" \/><\/span>\n\t\t\t<\/p>\n\t\t\t<p>Date d\u2019achat*\n\t\t\t<\/p>\n\t\t<\/div>\n\t<\/div>\n\t<div class=\"row checked\">\n\t\t<p><span class=\"wpcf7-form-control-wrap\" data-name=\"checkbox-inform-product\"><span class=\"wpcf7-form-control wpcf7-checkbox\"><span class=\"wpcf7-list-item first last\"><label><input type=\"checkbox\" name=\"checkbox-inform-product[]\" value=\"Je souhaite recevoir des informations sur les produits et services de Camelion North America Inc., qui est un titulaire autoris\u00e9 de Shell.\" \/><span class=\"wpcf7-list-item-label\">Je souhaite recevoir des informations sur les produits et services de Camelion North America Inc., qui est un titulaire autoris\u00e9 de Shell.<\/span><\/label><\/span><\/span><\/span>\n\t\t<\/p>\n\t<\/div>\n\t<div class=\"row checkeded privacy-warrenty-reg\">\n\t\t<p><span class=\"wpcf7-form-control-wrap\" data-name=\"checkbox-privacy-notification\"><span class=\"wpcf7-form-control wpcf7-checkbox wpcf7-validates-as-required\"><span class=\"wpcf7-list-item first last\"><label><input type=\"checkbox\" name=\"checkbox-privacy-notification[]\" value=\"Notification de confidentialit\u00e9. Toutes les informations recueillies sont r\u00e9gies par notre d\u00e9claration\ndeconfidentialit\u00e9.\" \/><span class=\"wpcf7-list-item-label\">Notification de confidentialit\u00e9. Toutes les informations recueillies sont r\u00e9gies par notre d\u00e9claration\ndeconfidentialit\u00e9.<\/span><\/label><\/span><\/span><\/span><span class=\"checkeded_span\">Veuillez visiter <a href=\"\/fr\/politique-de-confidentialite\/\" target=\"_blank\">Politique de confidentialit\u00e9<\/a> pour plus d'informations.<\/span>\n\t\t<\/p>\n\t<\/div>\n\t<div class=\"row\">\n\t\t<p><input class=\"wpcf7-form-control wpcf7-submit has-spinner\" type=\"submit\" value=\"Soumettre\" \/>\n\t\t<\/p>\n\t<\/div>\n<\/div><div class=\"wpcf7-response-output\" aria-hidden=\"true\"><\/div>\n<\/form>\n<\/div>\n<\/div>\n\t\t\t\t\t\t<\/div>\n\t\t\t\t<\/div>\n\t\t\t\t\t<\/div>\n\t\t<\/div>\n\t\t\t\t\t<\/div>\n\t\t<\/section>\n\t\t\t\t<\/div>\n\t\t","protected":false},"excerpt":{"rendered":"<p>ENREGISTREMENT DE LA GARANTIE Merci d&rsquo;avoir achet\u00e9 notre produit Shell. Veuillez enregistrer votre produit en envoyantce formulaire par lo poste ou en remplissant le formulaire en ligne a pour b\u00e9n\u00e9ficier de notre garantie limit\u00e9e. II est important de conserver le re\u00e7u ORIGINAL car il sera n\u00e9cessaire pour les r\u00e9clamations de garantie. Camelion Am\u00e9rique du Nord &hellip;<\/p>\n<p class=\"read-more\"> <a class=\"\" href=\"https:\/\/shellautomotiveproducts.com\/fr\/enregistrement-de-la-garantie\/\"> <span class=\"screen-reader-text\">Enregistrement De La Garantie<\/span> Lire la suite\u00a0\u00bb<\/a><\/p>\n","protected":false},"author":1,"featured_media":0,"parent":0,"menu_order":0,"comment_status":"closed","ping_status":"closed","template":"","meta":{"footnotes":""},"class_list":["post-7350","page","type-page","status-publish","hentry"],"yoast_head":"<!-- This site is optimized with the Yoast SEO plugin v27.4 - https:\/\/yoast.com\/product\/yoast-seo-wordpress\/ -->\n<title>Enregistrement De La Garantie - Shell Automotive Products<\/title>\n<meta name=\"robots\" content=\"index, follow, max-snippet:-1, max-image-preview:large, max-video-preview:-1\" \/>\n<link rel=\"canonical\" href=\"https:\/\/shellautomotiveproducts.com\/fr\/enregistrement-de-la-garantie\/\" \/>\n<meta property=\"og:locale\" content=\"fr_FR\" \/>\n<meta property=\"og:type\" content=\"article\" \/>\n<meta property=\"og:title\" content=\"Enregistrement De La Garantie - Shell Automotive Products\" \/>\n<meta property=\"og:description\" content=\"ENREGISTREMENT DE LA GARANTIE Merci d&rsquo;avoir achet\u00e9 notre produit Shell. Veuillez enregistrer votre produit en envoyantce formulaire par lo poste ou en remplissant le formulaire en ligne a pour b\u00e9n\u00e9ficier de notre garantie limit\u00e9e. II est important de conserver le re\u00e7u ORIGINAL car il sera n\u00e9cessaire pour les r\u00e9clamations de garantie. Camelion Am\u00e9rique du Nord &hellip; Enregistrement De La Garantie Lire la suite\u00a0\u00bb\" \/>\n<meta property=\"og:url\" content=\"https:\/\/shellautomotiveproducts.com\/fr\/enregistrement-de-la-garantie\/\" \/>\n<meta property=\"og:site_name\" content=\"Shell Automotive Products\" \/>\n<meta property=\"article:publisher\" content=\"https:\/\/www.facebook.com\/camelionna.official\" \/>\n<meta property=\"article:modified_time\" content=\"2022-05-18T06:50:35+00:00\" \/>\n<meta property=\"og:image\" content=\"https:\/\/shellautomotiveproducts.com\/wp-content\/uploads\/2021\/11\/letter-icon.png\" \/>\n<meta name=\"twitter:card\" content=\"summary_large_image\" \/>\n<meta name=\"twitter:site\" content=\"@CamelionNA\" \/>\n<meta name=\"twitter:label1\" content=\"Dur\u00e9e de lecture estim\u00e9e\" \/>\n\t<meta name=\"twitter:data1\" content=\"1 minute\" \/>\n<script type=\"application\/ld+json\" class=\"yoast-schema-graph\">{\"@context\":\"https:\\\/\\\/schema.org\",\"@graph\":[{\"@type\":\"WebPage\",\"@id\":\"https:\\\/\\\/shellautomotiveproducts.com\\\/fr\\\/enregistrement-de-la-garantie\\\/\",\"url\":\"https:\\\/\\\/shellautomotiveproducts.com\\\/fr\\\/enregistrement-de-la-garantie\\\/\",\"name\":\"Enregistrement De La Garantie - Shell Automotive Products\",\"isPartOf\":{\"@id\":\"https:\\\/\\\/shellautomotiveproducts.com\\\/#website\"},\"primaryImageOfPage\":{\"@id\":\"https:\\\/\\\/shellautomotiveproducts.com\\\/fr\\\/enregistrement-de-la-garantie\\\/#primaryimage\"},\"image\":{\"@id\":\"https:\\\/\\\/shellautomotiveproducts.com\\\/fr\\\/enregistrement-de-la-garantie\\\/#primaryimage\"},\"thumbnailUrl\":\"https:\\\/\\\/shellautomotiveproducts.com\\\/wp-content\\\/uploads\\\/2021\\\/11\\\/letter-icon.png\",\"datePublished\":\"2021-11-10T07:08:20+00:00\",\"dateModified\":\"2022-05-18T06:50:35+00:00\",\"breadcrumb\":{\"@id\":\"https:\\\/\\\/shellautomotiveproducts.com\\\/fr\\\/enregistrement-de-la-garantie\\\/#breadcrumb\"},\"inLanguage\":\"fr-FR\",\"potentialAction\":[{\"@type\":\"ReadAction\",\"target\":[\"https:\\\/\\\/shellautomotiveproducts.com\\\/fr\\\/enregistrement-de-la-garantie\\\/\"]}]},{\"@type\":\"ImageObject\",\"inLanguage\":\"fr-FR\",\"@id\":\"https:\\\/\\\/shellautomotiveproducts.com\\\/fr\\\/enregistrement-de-la-garantie\\\/#primaryimage\",\"url\":\"https:\\\/\\\/shellautomotiveproducts.com\\\/wp-content\\\/uploads\\\/2021\\\/11\\\/letter-icon.png\",\"contentUrl\":\"https:\\\/\\\/shellautomotiveproducts.com\\\/wp-content\\\/uploads\\\/2021\\\/11\\\/letter-icon.png\"},{\"@type\":\"BreadcrumbList\",\"@id\":\"https:\\\/\\\/shellautomotiveproducts.com\\\/fr\\\/enregistrement-de-la-garantie\\\/#breadcrumb\",\"itemListElement\":[{\"@type\":\"ListItem\",\"position\":1,\"name\":\"Home\",\"item\":\"https:\\\/\\\/shellautomotiveproducts.com\\\/fr\\\/\"},{\"@type\":\"ListItem\",\"position\":2,\"name\":\"Enregistrement De La Garantie\"}]},{\"@type\":\"WebSite\",\"@id\":\"https:\\\/\\\/shellautomotiveproducts.com\\\/#website\",\"url\":\"https:\\\/\\\/shellautomotiveproducts.com\\\/\",\"name\":\"Shell Automotive Products\",\"description\":\"Automotive Power Products\",\"publisher\":{\"@id\":\"https:\\\/\\\/shellautomotiveproducts.com\\\/#organization\"},\"potentialAction\":[{\"@type\":\"SearchAction\",\"target\":{\"@type\":\"EntryPoint\",\"urlTemplate\":\"https:\\\/\\\/shellautomotiveproducts.com\\\/?s={search_term_string}\"},\"query-input\":{\"@type\":\"PropertyValueSpecification\",\"valueRequired\":true,\"valueName\":\"search_term_string\"}}],\"inLanguage\":\"fr-FR\"},{\"@type\":\"Organization\",\"@id\":\"https:\\\/\\\/shellautomotiveproducts.com\\\/#organization\",\"name\":\"Shell Automotive Products\",\"url\":\"https:\\\/\\\/shellautomotiveproducts.com\\\/\",\"logo\":{\"@type\":\"ImageObject\",\"inLanguage\":\"fr-FR\",\"@id\":\"https:\\\/\\\/shellautomotiveproducts.com\\\/#\\\/schema\\\/logo\\\/image\\\/\",\"url\":\"https:\\\/\\\/shellautomotiveproducts.com\\\/wp-content\\\/uploads\\\/2021\\\/11\\\/Camelion-Logo_2.jpg\",\"contentUrl\":\"https:\\\/\\\/shellautomotiveproducts.com\\\/wp-content\\\/uploads\\\/2021\\\/11\\\/Camelion-Logo_2.jpg\",\"width\":1000,\"height\":77,\"caption\":\"Shell Automotive Products\"},\"image\":{\"@id\":\"https:\\\/\\\/shellautomotiveproducts.com\\\/#\\\/schema\\\/logo\\\/image\\\/\"},\"sameAs\":[\"https:\\\/\\\/www.facebook.com\\\/camelionna.official\",\"https:\\\/\\\/x.com\\\/CamelionNA\",\"https:\\\/\\\/www.instagram.com\\\/camelionna\\\/\",\"https:\\\/\\\/www.linkedin.com\\\/company\\\/camelion-north-america\\\/?originalSubdomain=ca\",\"https:\\\/\\\/www.youtube.com\\\/channel\\\/UCRe8Jm5MV3fuaLhE1AQlnPg\"]}]}<\/script>\n<!-- \/ Yoast SEO plugin. -->","yoast_head_json":{"title":"Enregistrement De La Garantie - Shell Automotive Products","robots":{"index":"index","follow":"follow","max-snippet":"max-snippet:-1","max-image-preview":"max-image-preview:large","max-video-preview":"max-video-preview:-1"},"canonical":"https:\/\/shellautomotiveproducts.com\/fr\/enregistrement-de-la-garantie\/","og_locale":"fr_FR","og_type":"article","og_title":"Enregistrement De La Garantie - Shell Automotive Products","og_description":"ENREGISTREMENT DE LA GARANTIE Merci d&rsquo;avoir achet\u00e9 notre produit Shell. Veuillez enregistrer votre produit en envoyantce formulaire par lo poste ou en remplissant le formulaire en ligne a pour b\u00e9n\u00e9ficier de notre garantie limit\u00e9e. II est important de conserver le re\u00e7u ORIGINAL car il sera n\u00e9cessaire pour les r\u00e9clamations de garantie. Camelion Am\u00e9rique du Nord &hellip; Enregistrement De La Garantie Lire la suite\u00a0\u00bb","og_url":"https:\/\/shellautomotiveproducts.com\/fr\/enregistrement-de-la-garantie\/","og_site_name":"Shell Automotive Products","article_publisher":"https:\/\/www.facebook.com\/camelionna.official","article_modified_time":"2022-05-18T06:50:35+00:00","og_image":[{"url":"https:\/\/shellautomotiveproducts.com\/wp-content\/uploads\/2021\/11\/letter-icon.png","type":"","width":"","height":""}],"twitter_card":"summary_large_image","twitter_site":"@CamelionNA","twitter_misc":{"Dur\u00e9e de lecture estim\u00e9e":"1 minute"},"schema":{"@context":"https:\/\/schema.org","@graph":[{"@type":"WebPage","@id":"https:\/\/shellautomotiveproducts.com\/fr\/enregistrement-de-la-garantie\/","url":"https:\/\/shellautomotiveproducts.com\/fr\/enregistrement-de-la-garantie\/","name":"Enregistrement De La Garantie - Shell Automotive Products","isPartOf":{"@id":"https:\/\/shellautomotiveproducts.com\/#website"},"primaryImageOfPage":{"@id":"https:\/\/shellautomotiveproducts.com\/fr\/enregistrement-de-la-garantie\/#primaryimage"},"image":{"@id":"https:\/\/shellautomotiveproducts.com\/fr\/enregistrement-de-la-garantie\/#primaryimage"},"thumbnailUrl":"https:\/\/shellautomotiveproducts.com\/wp-content\/uploads\/2021\/11\/letter-icon.png","datePublished":"2021-11-10T07:08:20+00:00","dateModified":"2022-05-18T06:50:35+00:00","breadcrumb":{"@id":"https:\/\/shellautomotiveproducts.com\/fr\/enregistrement-de-la-garantie\/#breadcrumb"},"inLanguage":"fr-FR","potentialAction":[{"@type":"ReadAction","target":["https:\/\/shellautomotiveproducts.com\/fr\/enregistrement-de-la-garantie\/"]}]},{"@type":"ImageObject","inLanguage":"fr-FR","@id":"https:\/\/shellautomotiveproducts.com\/fr\/enregistrement-de-la-garantie\/#primaryimage","url":"https:\/\/shellautomotiveproducts.com\/wp-content\/uploads\/2021\/11\/letter-icon.png","contentUrl":"https:\/\/shellautomotiveproducts.com\/wp-content\/uploads\/2021\/11\/letter-icon.png"},{"@type":"BreadcrumbList","@id":"https:\/\/shellautomotiveproducts.com\/fr\/enregistrement-de-la-garantie\/#breadcrumb","itemListElement":[{"@type":"ListItem","position":1,"name":"Home","item":"https:\/\/shellautomotiveproducts.com\/fr\/"},{"@type":"ListItem","position":2,"name":"Enregistrement De La Garantie"}]},{"@type":"WebSite","@id":"https:\/\/shellautomotiveproducts.com\/#website","url":"https:\/\/shellautomotiveproducts.com\/","name":"Shell Automotive Products","description":"Automotive Power Products","publisher":{"@id":"https:\/\/shellautomotiveproducts.com\/#organization"},"potentialAction":[{"@type":"SearchAction","target":{"@type":"EntryPoint","urlTemplate":"https:\/\/shellautomotiveproducts.com\/?s={search_term_string}"},"query-input":{"@type":"PropertyValueSpecification","valueRequired":true,"valueName":"search_term_string"}}],"inLanguage":"fr-FR"},{"@type":"Organization","@id":"https:\/\/shellautomotiveproducts.com\/#organization","name":"Shell Automotive Products","url":"https:\/\/shellautomotiveproducts.com\/","logo":{"@type":"ImageObject","inLanguage":"fr-FR","@id":"https:\/\/shellautomotiveproducts.com\/#\/schema\/logo\/image\/","url":"https:\/\/shellautomotiveproducts.com\/wp-content\/uploads\/2021\/11\/Camelion-Logo_2.jpg","contentUrl":"https:\/\/shellautomotiveproducts.com\/wp-content\/uploads\/2021\/11\/Camelion-Logo_2.jpg","width":1000,"height":77,"caption":"Shell Automotive Products"},"image":{"@id":"https:\/\/shellautomotiveproducts.com\/#\/schema\/logo\/image\/"},"sameAs":["https:\/\/www.facebook.com\/camelionna.official","https:\/\/x.com\/CamelionNA","https:\/\/www.instagram.com\/camelionna\/","https:\/\/www.linkedin.com\/company\/camelion-north-america\/?originalSubdomain=ca","https:\/\/www.youtube.com\/channel\/UCRe8Jm5MV3fuaLhE1AQlnPg"]}]}},"_links":{"self":[{"href":"https:\/\/shellautomotiveproducts.com\/fr\/wp-json\/wp\/v2\/pages\/7350","targetHints":{"allow":["GET"]}}],"collection":[{"href":"https:\/\/shellautomotiveproducts.com\/fr\/wp-json\/wp\/v2\/pages"}],"about":[{"href":"https:\/\/shellautomotiveproducts.com\/fr\/wp-json\/wp\/v2\/types\/page"}],"author":[{"embeddable":true,"href":"https:\/\/shellautomotiveproducts.com\/fr\/wp-json\/wp\/v2\/users\/1"}],"replies":[{"embeddable":true,"href":"https:\/\/shellautomotiveproducts.com\/fr\/wp-json\/wp\/v2\/comments?post=7350"}],"version-history":[{"count":17,"href":"https:\/\/shellautomotiveproducts.com\/fr\/wp-json\/wp\/v2\/pages\/7350\/revisions"}],"predecessor-version":[{"id":7421,"href":"https:\/\/shellautomotiveproducts.com\/fr\/wp-json\/wp\/v2\/pages\/7350\/revisions\/7421"}],"wp:attachment":[{"href":"https:\/\/shellautomotiveproducts.com\/fr\/wp-json\/wp\/v2\/media?parent=7350"}],"curies":[{"name":"wp","href":"https:\/\/api.w.org\/{rel}","templated":true}]}}