{"id":6549,"date":"2021-11-10T07:10:39","date_gmt":"2021-11-10T07:10:39","guid":{"rendered":"https:\/\/shellautomotiveproducts.com\/faqs\/"},"modified":"2022-04-22T08:37:25","modified_gmt":"2022-04-22T08:37:25","slug":"faqs","status":"publish","type":"page","link":"https:\/\/shellautomotiveproducts.com\/fr\/faqs\/","title":{"rendered":"FAQs"},"content":{"rendered":"\t\t<div data-elementor-type=\"wp-page\" data-elementor-id=\"6549\" class=\"elementor elementor-6549\" data-elementor-post-type=\"page\">\n\t\t\t\t\t\t<section class=\"elementor-section elementor-top-section elementor-element elementor-element-40ef5064 elementor-section-content-middle elementor-section-boxed elementor-section-height-default elementor-section-height-default\" data-id=\"40ef5064\" data-element_type=\"section\" data-e-type=\"section\" data-settings=\"{&quot;background_background&quot;:&quot;classic&quot;}\">\n\t\t\t\t\t\t\t<div class=\"elementor-background-overlay\"><\/div>\n\t\t\t\t\t\t\t<div class=\"elementor-container elementor-column-gap-no\">\n\t\t\t\t\t<div class=\"elementor-column elementor-col-100 elementor-top-column elementor-element elementor-element-6b4c40da\" data-id=\"6b4c40da\" data-element_type=\"column\" data-e-type=\"column\">\n\t\t\t<div class=\"elementor-widget-wrap elementor-element-populated\">\n\t\t\t\t\t\t<div class=\"elementor-element elementor-element-65cc1fbc elementor-widget elementor-widget-heading\" data-id=\"65cc1fbc\" data-element_type=\"widget\" data-e-type=\"widget\" data-widget_type=\"heading.default\">\n\t\t\t\t<div class=\"elementor-widget-container\">\n\t\t\t\t\t<h1 class=\"elementor-heading-title elementor-size-default\">FAQs<\/h1>\t\t\t\t<\/div>\n\t\t\t\t<\/div>\n\t\t\t\t\t<\/div>\n\t\t<\/div>\n\t\t\t\t\t<\/div>\n\t\t<\/section>\n\t\t\t\t<section class=\"elementor-section elementor-top-section elementor-element elementor-element-5a8ea017 elementor-section-content-middle elementor-section-boxed elementor-section-height-default elementor-section-height-default\" data-id=\"5a8ea017\" data-element_type=\"section\" data-e-type=\"section\">\n\t\t\t\t\t\t<div class=\"elementor-container elementor-column-gap-default\">\n\t\t\t\t\t<div class=\"elementor-column elementor-col-100 elementor-top-column elementor-element elementor-element-622704e0\" data-id=\"622704e0\" data-element_type=\"column\" data-e-type=\"column\">\n\t\t\t<div class=\"elementor-widget-wrap elementor-element-populated\">\n\t\t\t\t\t\t<div class=\"elementor-element elementor-element-596c0a4 elementor-widget elementor-widget-toggle\" data-id=\"596c0a4\" data-element_type=\"widget\" data-e-type=\"widget\" data-widget_type=\"toggle.default\">\n\t\t\t\t<div class=\"elementor-widget-container\">\n\t\t\t\t\t\t\t<div class=\"elementor-toggle\">\n\t\t\t\t\t\t\t<div class=\"elementor-toggle-item\">\n\t\t\t\t\t<h4 id=\"elementor-tab-title-9371\" class=\"elementor-tab-title\" data-tab=\"1\" role=\"button\" aria-controls=\"elementor-tab-content-9371\" aria-expanded=\"false\">\n\t\t\t\t\t\t\t\t\t\t\t\t<span class=\"elementor-toggle-icon elementor-toggle-icon-left\" aria-hidden=\"true\">\n\t\t\t\t\t\t\t\t\t\t\t\t\t\t\t<span class=\"elementor-toggle-icon-closed\"><i class=\"fas fa-plus-circle\"><\/i><\/span>\n\t\t\t\t\t\t\t\t<span class=\"elementor-toggle-icon-opened\"><i class=\"elementor-toggle-icon-opened fas fa-minus-circle\"><\/i><\/span>\n\t\t\t\t\t\t\t\t\t\t\t\t\t<\/span>\n\t\t\t\t\t\t\t\t\t\t\t\t<a class=\"elementor-toggle-title\" tabindex=\"0\">Pourrais-je faire d\u00e9marrer un v\u00e9hicule 6V?<\/a>\n\t\t\t\t\t<\/h4>\n\n\t\t\t\t\t<div id=\"elementor-tab-content-9371\" class=\"elementor-tab-content elementor-clearfix\" data-tab=\"1\" role=\"region\" aria-labelledby=\"elementor-tab-title-9371\">Les d\u00e9marreurs sont uniquement con\u00e7us pour les v\u00e9hicules 12V.<\/div>\n\t\t\t\t<\/div>\n\t\t\t\t\t\t\t<div class=\"elementor-toggle-item\">\n\t\t\t\t\t<h4 id=\"elementor-tab-title-9372\" class=\"elementor-tab-title\" data-tab=\"2\" role=\"button\" aria-controls=\"elementor-tab-content-9372\" aria-expanded=\"false\">\n\t\t\t\t\t\t\t\t\t\t\t\t<span class=\"elementor-toggle-icon elementor-toggle-icon-left\" aria-hidden=\"true\">\n\t\t\t\t\t\t\t\t\t\t\t\t\t\t\t<span class=\"elementor-toggle-icon-closed\"><i class=\"fas fa-plus-circle\"><\/i><\/span>\n\t\t\t\t\t\t\t\t<span class=\"elementor-toggle-icon-opened\"><i class=\"elementor-toggle-icon-opened fas fa-minus-circle\"><\/i><\/span>\n\t\t\t\t\t\t\t\t\t\t\t\t\t<\/span>\n\t\t\t\t\t\t\t\t\t\t\t\t<a class=\"elementor-toggle-title\" tabindex=\"0\">Comment prolonger la dur\u00e9e de vie de la batterie?<\/a>\n\t\t\t\t\t<\/h4>\n\n\t\t\t\t\t<div id=\"elementor-tab-content-9372\" class=\"elementor-tab-content elementor-clearfix\" data-tab=\"2\" role=\"region\" aria-labelledby=\"elementor-tab-title-9372\">Toutes les batteries se d\u00e9chargent m\u00eame lorsqu&rsquo;elles ne sont pas utilis\u00e9es. Pour une performance optimale, chargez le d\u00e9marreur imm\u00e9diatement apr\u00e8s son achat, apr\u00e8s chaque utilisation et tous les trois mois, ou lorsque le niveau de la batterie passe en dessous de 50 %.<\/div>\n\t\t\t\t<\/div>\n\t\t\t\t\t\t\t\t\t\t<script type=\"application\/ld+json\">{\"@context\":\"https:\\\/\\\/schema.org\",\"@type\":\"FAQPage\",\"mainEntity\":[{\"@type\":\"Question\",\"name\":\"Pourrais-je faire d\\u00e9marrer un v\\u00e9hicule 6V?\",\"acceptedAnswer\":{\"@type\":\"Answer\",\"text\":\"Les d\\u00e9marreurs sont uniquement con\\u00e7us pour les v\\u00e9hicules 12V.\"}},{\"@type\":\"Question\",\"name\":\"Comment prolonger la dur\\u00e9e de vie de la batterie?\",\"acceptedAnswer\":{\"@type\":\"Answer\",\"text\":\"Toutes les batteries se d\\u00e9chargent m\\u00eame lorsqu&rsquo;elles ne sont pas utilis\\u00e9es. Pour une performance optimale, chargez le d\\u00e9marreur imm\\u00e9diatement apr\\u00e8s son achat, apr\\u00e8s chaque utilisation et tous les trois mois, ou lorsque le niveau de la batterie passe en dessous de 50 %.\"}}]}<\/script>\n\t\t\t\t\t<\/div>\n\t\t\t\t\t\t<\/div>\n\t\t\t\t<\/div>\n\t\t\t\t\t<\/div>\n\t\t<\/div>\n\t\t\t\t\t<\/div>\n\t\t<\/section>\n\t\t\t\t<\/div>\n\t\t","protected":false},"excerpt":{"rendered":"<p>FAQs Pourrais-je faire d\u00e9marrer un v\u00e9hicule 6V? Les d\u00e9marreurs sont uniquement con\u00e7us pour les v\u00e9hicules 12V. Comment prolonger la dur\u00e9e de vie de la batterie? Toutes les batteries se d\u00e9chargent m\u00eame lorsqu&#8217;elles ne sont pas utilis\u00e9es. Pour une performance optimale, chargez le d\u00e9marreur imm\u00e9diatement apr\u00e8s son achat, apr\u00e8s chaque utilisation et tous les trois mois, &hellip;<\/p>\n<p class=\"read-more\"> <a class=\"\" href=\"https:\/\/shellautomotiveproducts.com\/fr\/faqs\/\"> <span class=\"screen-reader-text\">FAQs<\/span> Lire la suite\u00a0\u00bb<\/a><\/p>\n","protected":false},"author":1,"featured_media":0,"parent":0,"menu_order":0,"comment_status":"closed","ping_status":"closed","template":"","meta":{"footnotes":""},"class_list":["post-6549","page","type-page","status-publish","hentry"],"yoast_head":"<!-- This site is optimized with the Yoast SEO plugin v27.4 - https:\/\/yoast.com\/product\/yoast-seo-wordpress\/ -->\n<title>FAQs - Shell Automotive Products<\/title>\n<meta name=\"robots\" content=\"index, follow, max-snippet:-1, max-image-preview:large, max-video-preview:-1\" \/>\n<link rel=\"canonical\" href=\"https:\/\/shellautomotiveproducts.com\/fr\/faqs\/\" \/>\n<meta property=\"og:locale\" content=\"fr_FR\" \/>\n<meta property=\"og:type\" content=\"article\" \/>\n<meta property=\"og:title\" content=\"FAQs - Shell Automotive Products\" \/>\n<meta property=\"og:description\" content=\"FAQs Pourrais-je faire d\u00e9marrer un v\u00e9hicule 6V? Les d\u00e9marreurs sont uniquement con\u00e7us pour les v\u00e9hicules 12V. Comment prolonger la dur\u00e9e de vie de la batterie? Toutes les batteries se d\u00e9chargent m\u00eame lorsqu&#8217;elles ne sont pas utilis\u00e9es. Pour une performance optimale, chargez le d\u00e9marreur imm\u00e9diatement apr\u00e8s son achat, apr\u00e8s chaque utilisation et tous les trois mois, &hellip; FAQs Lire la suite\u00a0\u00bb\" \/>\n<meta property=\"og:url\" content=\"https:\/\/shellautomotiveproducts.com\/fr\/faqs\/\" \/>\n<meta property=\"og:site_name\" content=\"Shell Automotive Products\" \/>\n<meta property=\"article:publisher\" content=\"https:\/\/www.facebook.com\/camelionna.official\" \/>\n<meta property=\"article:modified_time\" content=\"2022-04-22T08:37:25+00:00\" \/>\n<meta name=\"twitter:card\" content=\"summary_large_image\" \/>\n<meta name=\"twitter:site\" content=\"@CamelionNA\" \/>\n<meta name=\"twitter:label1\" content=\"Dur\u00e9e de lecture estim\u00e9e\" \/>\n\t<meta name=\"twitter:data1\" content=\"1 minute\" \/>\n<script type=\"application\/ld+json\" class=\"yoast-schema-graph\">{\"@context\":\"https:\\\/\\\/schema.org\",\"@graph\":[{\"@type\":\"WebPage\",\"@id\":\"https:\\\/\\\/shellautomotiveproducts.com\\\/fr\\\/faqs\\\/\",\"url\":\"https:\\\/\\\/shellautomotiveproducts.com\\\/fr\\\/faqs\\\/\",\"name\":\"FAQs - Shell Automotive Products\",\"isPartOf\":{\"@id\":\"https:\\\/\\\/shellautomotiveproducts.com\\\/#website\"},\"datePublished\":\"2021-11-10T07:10:39+00:00\",\"dateModified\":\"2022-04-22T08:37:25+00:00\",\"breadcrumb\":{\"@id\":\"https:\\\/\\\/shellautomotiveproducts.com\\\/fr\\\/faqs\\\/#breadcrumb\"},\"inLanguage\":\"fr-FR\",\"potentialAction\":[{\"@type\":\"ReadAction\",\"target\":[\"https:\\\/\\\/shellautomotiveproducts.com\\\/fr\\\/faqs\\\/\"]}]},{\"@type\":\"BreadcrumbList\",\"@id\":\"https:\\\/\\\/shellautomotiveproducts.com\\\/fr\\\/faqs\\\/#breadcrumb\",\"itemListElement\":[{\"@type\":\"ListItem\",\"position\":1,\"name\":\"Home\",\"item\":\"https:\\\/\\\/shellautomotiveproducts.com\\\/fr\\\/\"},{\"@type\":\"ListItem\",\"position\":2,\"name\":\"FAQs\"}]},{\"@type\":\"WebSite\",\"@id\":\"https:\\\/\\\/shellautomotiveproducts.com\\\/#website\",\"url\":\"https:\\\/\\\/shellautomotiveproducts.com\\\/\",\"name\":\"Shell Automotive Products\",\"description\":\"Automotive Power Products\",\"publisher\":{\"@id\":\"https:\\\/\\\/shellautomotiveproducts.com\\\/#organization\"},\"potentialAction\":[{\"@type\":\"SearchAction\",\"target\":{\"@type\":\"EntryPoint\",\"urlTemplate\":\"https:\\\/\\\/shellautomotiveproducts.com\\\/?s={search_term_string}\"},\"query-input\":{\"@type\":\"PropertyValueSpecification\",\"valueRequired\":true,\"valueName\":\"search_term_string\"}}],\"inLanguage\":\"fr-FR\"},{\"@type\":\"Organization\",\"@id\":\"https:\\\/\\\/shellautomotiveproducts.com\\\/#organization\",\"name\":\"Shell Automotive Products\",\"url\":\"https:\\\/\\\/shellautomotiveproducts.com\\\/\",\"logo\":{\"@type\":\"ImageObject\",\"inLanguage\":\"fr-FR\",\"@id\":\"https:\\\/\\\/shellautomotiveproducts.com\\\/#\\\/schema\\\/logo\\\/image\\\/\",\"url\":\"https:\\\/\\\/shellautomotiveproducts.com\\\/wp-content\\\/uploads\\\/2021\\\/11\\\/Camelion-Logo_2.jpg\",\"contentUrl\":\"https:\\\/\\\/shellautomotiveproducts.com\\\/wp-content\\\/uploads\\\/2021\\\/11\\\/Camelion-Logo_2.jpg\",\"width\":1000,\"height\":77,\"caption\":\"Shell Automotive Products\"},\"image\":{\"@id\":\"https:\\\/\\\/shellautomotiveproducts.com\\\/#\\\/schema\\\/logo\\\/image\\\/\"},\"sameAs\":[\"https:\\\/\\\/www.facebook.com\\\/camelionna.official\",\"https:\\\/\\\/x.com\\\/CamelionNA\",\"https:\\\/\\\/www.instagram.com\\\/camelionna\\\/\",\"https:\\\/\\\/www.linkedin.com\\\/company\\\/camelion-north-america\\\/?originalSubdomain=ca\",\"https:\\\/\\\/www.youtube.com\\\/channel\\\/UCRe8Jm5MV3fuaLhE1AQlnPg\"]}]}<\/script>\n<!-- \/ Yoast SEO plugin. -->","yoast_head_json":{"title":"FAQs - Shell Automotive Products","robots":{"index":"index","follow":"follow","max-snippet":"max-snippet:-1","max-image-preview":"max-image-preview:large","max-video-preview":"max-video-preview:-1"},"canonical":"https:\/\/shellautomotiveproducts.com\/fr\/faqs\/","og_locale":"fr_FR","og_type":"article","og_title":"FAQs - Shell Automotive Products","og_description":"FAQs Pourrais-je faire d\u00e9marrer un v\u00e9hicule 6V? Les d\u00e9marreurs sont uniquement con\u00e7us pour les v\u00e9hicules 12V. Comment prolonger la dur\u00e9e de vie de la batterie? Toutes les batteries se d\u00e9chargent m\u00eame lorsqu&#8217;elles ne sont pas utilis\u00e9es. Pour une performance optimale, chargez le d\u00e9marreur imm\u00e9diatement apr\u00e8s son achat, apr\u00e8s chaque utilisation et tous les trois mois, &hellip; FAQs Lire la suite\u00a0\u00bb","og_url":"https:\/\/shellautomotiveproducts.com\/fr\/faqs\/","og_site_name":"Shell Automotive Products","article_publisher":"https:\/\/www.facebook.com\/camelionna.official","article_modified_time":"2022-04-22T08:37:25+00:00","twitter_card":"summary_large_image","twitter_site":"@CamelionNA","twitter_misc":{"Dur\u00e9e de lecture estim\u00e9e":"1 minute"},"schema":{"@context":"https:\/\/schema.org","@graph":[{"@type":"WebPage","@id":"https:\/\/shellautomotiveproducts.com\/fr\/faqs\/","url":"https:\/\/shellautomotiveproducts.com\/fr\/faqs\/","name":"FAQs - Shell Automotive Products","isPartOf":{"@id":"https:\/\/shellautomotiveproducts.com\/#website"},"datePublished":"2021-11-10T07:10:39+00:00","dateModified":"2022-04-22T08:37:25+00:00","breadcrumb":{"@id":"https:\/\/shellautomotiveproducts.com\/fr\/faqs\/#breadcrumb"},"inLanguage":"fr-FR","potentialAction":[{"@type":"ReadAction","target":["https:\/\/shellautomotiveproducts.com\/fr\/faqs\/"]}]},{"@type":"BreadcrumbList","@id":"https:\/\/shellautomotiveproducts.com\/fr\/faqs\/#breadcrumb","itemListElement":[{"@type":"ListItem","position":1,"name":"Home","item":"https:\/\/shellautomotiveproducts.com\/fr\/"},{"@type":"ListItem","position":2,"name":"FAQs"}]},{"@type":"WebSite","@id":"https:\/\/shellautomotiveproducts.com\/#website","url":"https:\/\/shellautomotiveproducts.com\/","name":"Shell Automotive Products","description":"Automotive Power Products","publisher":{"@id":"https:\/\/shellautomotiveproducts.com\/#organization"},"potentialAction":[{"@type":"SearchAction","target":{"@type":"EntryPoint","urlTemplate":"https:\/\/shellautomotiveproducts.com\/?s={search_term_string}"},"query-input":{"@type":"PropertyValueSpecification","valueRequired":true,"valueName":"search_term_string"}}],"inLanguage":"fr-FR"},{"@type":"Organization","@id":"https:\/\/shellautomotiveproducts.com\/#organization","name":"Shell Automotive Products","url":"https:\/\/shellautomotiveproducts.com\/","logo":{"@type":"ImageObject","inLanguage":"fr-FR","@id":"https:\/\/shellautomotiveproducts.com\/#\/schema\/logo\/image\/","url":"https:\/\/shellautomotiveproducts.com\/wp-content\/uploads\/2021\/11\/Camelion-Logo_2.jpg","contentUrl":"https:\/\/shellautomotiveproducts.com\/wp-content\/uploads\/2021\/11\/Camelion-Logo_2.jpg","width":1000,"height":77,"caption":"Shell Automotive Products"},"image":{"@id":"https:\/\/shellautomotiveproducts.com\/#\/schema\/logo\/image\/"},"sameAs":["https:\/\/www.facebook.com\/camelionna.official","https:\/\/x.com\/CamelionNA","https:\/\/www.instagram.com\/camelionna\/","https:\/\/www.linkedin.com\/company\/camelion-north-america\/?originalSubdomain=ca","https:\/\/www.youtube.com\/channel\/UCRe8Jm5MV3fuaLhE1AQlnPg"]}]}},"_links":{"self":[{"href":"https:\/\/shellautomotiveproducts.com\/fr\/wp-json\/wp\/v2\/pages\/6549","targetHints":{"allow":["GET"]}}],"collection":[{"href":"https:\/\/shellautomotiveproducts.com\/fr\/wp-json\/wp\/v2\/pages"}],"about":[{"href":"https:\/\/shellautomotiveproducts.com\/fr\/wp-json\/wp\/v2\/types\/page"}],"author":[{"embeddable":true,"href":"https:\/\/shellautomotiveproducts.com\/fr\/wp-json\/wp\/v2\/users\/1"}],"replies":[{"embeddable":true,"href":"https:\/\/shellautomotiveproducts.com\/fr\/wp-json\/wp\/v2\/comments?post=6549"}],"version-history":[{"count":4,"href":"https:\/\/shellautomotiveproducts.com\/fr\/wp-json\/wp\/v2\/pages\/6549\/revisions"}],"predecessor-version":[{"id":6553,"href":"https:\/\/shellautomotiveproducts.com\/fr\/wp-json\/wp\/v2\/pages\/6549\/revisions\/6553"}],"wp:attachment":[{"href":"https:\/\/shellautomotiveproducts.com\/fr\/wp-json\/wp\/v2\/media?parent=6549"}],"curies":[{"name":"wp","href":"https:\/\/api.w.org\/{rel}","templated":true}]}}