{"id":6544,"date":"2021-10-21T09:00:47","date_gmt":"2021-10-21T09:00:47","guid":{"rendered":"https:\/\/shellautomotiveproducts.com\/contact-us\/"},"modified":"2022-06-08T06:56:20","modified_gmt":"2022-06-08T06:56:20","slug":"nous-joindre","status":"publish","type":"page","link":"https:\/\/shellautomotiveproducts.com\/fr\/nous-joindre\/","title":{"rendered":"Nous Joindre"},"content":{"rendered":"\t\t<div data-elementor-type=\"wp-post\" data-elementor-id=\"6544\" class=\"elementor elementor-6544\" data-elementor-post-type=\"page\">\n\t\t\t\t\t\t<section class=\"elementor-section elementor-top-section elementor-element elementor-element-1af1f79 elementor-section-content-middle elementor-section-boxed elementor-section-height-default elementor-section-height-default\" data-id=\"1af1f79\" data-element_type=\"section\" data-e-type=\"section\" data-settings=\"{&quot;background_background&quot;:&quot;classic&quot;}\">\n\t\t\t\t\t\t\t<div class=\"elementor-background-overlay\"><\/div>\n\t\t\t\t\t\t\t<div class=\"elementor-container elementor-column-gap-no\">\n\t\t\t\t\t<div class=\"elementor-column elementor-col-100 elementor-top-column elementor-element elementor-element-8d092b6\" data-id=\"8d092b6\" data-element_type=\"column\" data-e-type=\"column\">\n\t\t\t<div class=\"elementor-widget-wrap elementor-element-populated\">\n\t\t\t\t\t\t<div class=\"elementor-element elementor-element-2f510d4 elementor-widget elementor-widget-heading\" data-id=\"2f510d4\" data-element_type=\"widget\" data-e-type=\"widget\" data-widget_type=\"heading.default\">\n\t\t\t\t<div class=\"elementor-widget-container\">\n\t\t\t\t\t<h1 class=\"elementor-heading-title elementor-size-default\">Nous Joindre<\/h1>\t\t\t\t<\/div>\n\t\t\t\t<\/div>\n\t\t\t\t\t<\/div>\n\t\t<\/div>\n\t\t\t\t\t<\/div>\n\t\t<\/section>\n\t\t\t\t<section class=\"elementor-section elementor-top-section elementor-element elementor-element-adcc176 elementor-section-content-middle elementor-section-boxed elementor-section-height-default elementor-section-height-default\" data-id=\"adcc176\" data-element_type=\"section\" data-e-type=\"section\">\n\t\t\t\t\t\t<div class=\"elementor-container elementor-column-gap-default\">\n\t\t\t\t\t<div class=\"elementor-column elementor-col-100 elementor-top-column elementor-element elementor-element-a91ad32\" data-id=\"a91ad32\" data-element_type=\"column\" data-e-type=\"column\">\n\t\t\t<div class=\"elementor-widget-wrap elementor-element-populated\">\n\t\t\t\t\t\t<div class=\"elementor-element elementor-element-b5a2814 elementor-widget elementor-widget-heading\" data-id=\"b5a2814\" data-element_type=\"widget\" data-e-type=\"widget\" data-widget_type=\"heading.default\">\n\t\t\t\t<div class=\"elementor-widget-container\">\n\t\t\t\t\t<h3 class=\"elementor-heading-title elementor-size-default\">Des questions, des commentaires? Dites-nous. Nous vous \u00e9coutons.<\/h3>\t\t\t\t<\/div>\n\t\t\t\t<\/div>\n\t\t\t\t<div class=\"elementor-element elementor-element-6c2999c elementor-widget elementor-widget-text-editor\" data-id=\"6c2999c\" data-element_type=\"widget\" data-e-type=\"widget\" data-widget_type=\"text-editor.default\">\n\t\t\t\t<div class=\"elementor-widget-container\">\n\t\t\t\t\t\t\t\t\t<div>2572 Boulevard Daniel-Johnson, 2e \u00e9tage, Laval Qu\u00e9bec H7T 2R3 Canada<\/div>\t\t\t\t\t\t\t\t<\/div>\n\t\t\t\t<\/div>\n\t\t\t\t<div class=\"elementor-element elementor-element-6c28d97 elementor-widget elementor-widget-text-editor\" data-id=\"6c28d97\" data-element_type=\"widget\" data-e-type=\"widget\" data-widget_type=\"text-editor.default\">\n\t\t\t\t<div class=\"elementor-widget-container\">\n\t\t\t\t\t\t\t\t\tService et Assistance \u2013 <a style=\"color: black;\" href=\"mailto:shellsupport@camleionna.com\">shellsupport@camelionna.com<\/a>\t\t\t\t\t\t\t\t<\/div>\n\t\t\t\t<\/div>\n\t\t\t\t<div class=\"elementor-element elementor-element-a494645 elementor-widget elementor-widget-text-editor\" data-id=\"a494645\" data-element_type=\"widget\" data-e-type=\"widget\" data-widget_type=\"text-editor.default\">\n\t\t\t\t<div class=\"elementor-widget-container\">\n\t\t\t\t\t\t\t\t\tVentes g\u00e9n\u00e9rales \u2013 <a style=\"color: black;\" href=\"mailto:shellinfo@camelionna.com\">shellinfo@camelionna.com<\/a>\t\t\t\t\t\t\t\t<\/div>\n\t\t\t\t<\/div>\n\t\t\t\t<div class=\"elementor-element elementor-element-2af33b5 elementor-widget elementor-widget-text-editor\" data-id=\"2af33b5\" data-element_type=\"widget\" data-e-type=\"widget\" data-widget_type=\"text-editor.default\">\n\t\t\t\t<div class=\"elementor-widget-container\">\n\t\t\t\t\t\t\t\t\tService client\u00e8le \u2013 <a style=\"color: black;\" href=\"tel:18339902624\">1 833 990 2624<\/a>\t\t\t\t\t\t\t\t<\/div>\n\t\t\t\t<\/div>\n\t\t\t\t<div class=\"elementor-element elementor-element-d065959 elementor-widget elementor-widget-text-editor\" data-id=\"d065959\" data-element_type=\"widget\" data-e-type=\"widget\" data-widget_type=\"text-editor.default\">\n\t\t\t\t<div class=\"elementor-widget-container\">\n\t\t\t\t\t\t\t\t\t<em>(Du lundi au vendredi entre 9 h et 17 h HNE)<\/em>\t\t\t\t\t\t\t\t<\/div>\n\t\t\t\t<\/div>\n\t\t\t\t\t<\/div>\n\t\t<\/div>\n\t\t\t\t\t<\/div>\n\t\t<\/section>\n\t\t\t\t<\/div>\n\t\t","protected":false},"excerpt":{"rendered":"<p>Nous Joindre Des questions, des commentaires? Dites-nous. Nous vous \u00e9coutons. 2572 Boulevard Daniel-Johnson, 2e \u00e9tage, Laval Qu\u00e9bec H7T 2R3 CanadaService et Assistance \u2013 shellsupport@camelionna.comVentes g\u00e9n\u00e9rales \u2013 shellinfo@camelionna.comService client\u00e8le \u2013 1 833 990 2624(Du lundi au vendredi entre 9 h et 17 h HNE)<\/p>\n","protected":false},"author":1,"featured_media":0,"parent":0,"menu_order":0,"comment_status":"closed","ping_status":"closed","template":"","meta":{"footnotes":""},"class_list":["post-6544","page","type-page","status-publish","hentry"],"yoast_head":"<!-- This site is optimized with the Yoast SEO plugin v27.4 - https:\/\/yoast.com\/product\/yoast-seo-wordpress\/ -->\n<title>Nous Joindre - Shell Automotive Products<\/title>\n<meta name=\"robots\" content=\"index, follow, max-snippet:-1, max-image-preview:large, max-video-preview:-1\" \/>\n<link rel=\"canonical\" href=\"https:\/\/shellautomotiveproducts.com\/fr\/nous-joindre\/\" \/>\n<meta property=\"og:locale\" content=\"fr_FR\" \/>\n<meta property=\"og:type\" content=\"article\" \/>\n<meta property=\"og:title\" content=\"Nous Joindre - Shell Automotive Products\" \/>\n<meta property=\"og:description\" content=\"Nous Joindre Des questions, des commentaires? Dites-nous. Nous vous \u00e9coutons. 2572 Boulevard Daniel-Johnson, 2e \u00e9tage, Laval Qu\u00e9bec H7T 2R3 CanadaService et Assistance \u2013 shellsupport@camelionna.comVentes g\u00e9n\u00e9rales \u2013 shellinfo@camelionna.comService client\u00e8le \u2013 1 833 990 2624(Du lundi au vendredi entre 9 h et 17 h HNE)\" \/>\n<meta property=\"og:url\" content=\"https:\/\/shellautomotiveproducts.com\/fr\/nous-joindre\/\" \/>\n<meta property=\"og:site_name\" content=\"Shell Automotive Products\" \/>\n<meta property=\"article:publisher\" content=\"https:\/\/www.facebook.com\/camelionna.official\" \/>\n<meta property=\"article:modified_time\" content=\"2022-06-08T06:56:20+00:00\" \/>\n<meta name=\"twitter:card\" content=\"summary_large_image\" \/>\n<meta name=\"twitter:site\" content=\"@CamelionNA\" \/>\n<meta name=\"twitter:label1\" content=\"Dur\u00e9e de lecture estim\u00e9e\" \/>\n\t<meta name=\"twitter:data1\" content=\"1 minute\" \/>\n<script type=\"application\/ld+json\" class=\"yoast-schema-graph\">{\"@context\":\"https:\\\/\\\/schema.org\",\"@graph\":[{\"@type\":\"WebPage\",\"@id\":\"https:\\\/\\\/shellautomotiveproducts.com\\\/fr\\\/nous-joindre\\\/\",\"url\":\"https:\\\/\\\/shellautomotiveproducts.com\\\/fr\\\/nous-joindre\\\/\",\"name\":\"Nous Joindre - Shell Automotive Products\",\"isPartOf\":{\"@id\":\"https:\\\/\\\/shellautomotiveproducts.com\\\/#website\"},\"datePublished\":\"2021-10-21T09:00:47+00:00\",\"dateModified\":\"2022-06-08T06:56:20+00:00\",\"breadcrumb\":{\"@id\":\"https:\\\/\\\/shellautomotiveproducts.com\\\/fr\\\/nous-joindre\\\/#breadcrumb\"},\"inLanguage\":\"fr-FR\",\"potentialAction\":[{\"@type\":\"ReadAction\",\"target\":[\"https:\\\/\\\/shellautomotiveproducts.com\\\/fr\\\/nous-joindre\\\/\"]}]},{\"@type\":\"BreadcrumbList\",\"@id\":\"https:\\\/\\\/shellautomotiveproducts.com\\\/fr\\\/nous-joindre\\\/#breadcrumb\",\"itemListElement\":[{\"@type\":\"ListItem\",\"position\":1,\"name\":\"Home\",\"item\":\"https:\\\/\\\/shellautomotiveproducts.com\\\/fr\\\/\"},{\"@type\":\"ListItem\",\"position\":2,\"name\":\"Nous Joindre\"}]},{\"@type\":\"WebSite\",\"@id\":\"https:\\\/\\\/shellautomotiveproducts.com\\\/#website\",\"url\":\"https:\\\/\\\/shellautomotiveproducts.com\\\/\",\"name\":\"Shell Automotive Products\",\"description\":\"Automotive Power Products\",\"publisher\":{\"@id\":\"https:\\\/\\\/shellautomotiveproducts.com\\\/#organization\"},\"potentialAction\":[{\"@type\":\"SearchAction\",\"target\":{\"@type\":\"EntryPoint\",\"urlTemplate\":\"https:\\\/\\\/shellautomotiveproducts.com\\\/?s={search_term_string}\"},\"query-input\":{\"@type\":\"PropertyValueSpecification\",\"valueRequired\":true,\"valueName\":\"search_term_string\"}}],\"inLanguage\":\"fr-FR\"},{\"@type\":\"Organization\",\"@id\":\"https:\\\/\\\/shellautomotiveproducts.com\\\/#organization\",\"name\":\"Shell Automotive Products\",\"url\":\"https:\\\/\\\/shellautomotiveproducts.com\\\/\",\"logo\":{\"@type\":\"ImageObject\",\"inLanguage\":\"fr-FR\",\"@id\":\"https:\\\/\\\/shellautomotiveproducts.com\\\/#\\\/schema\\\/logo\\\/image\\\/\",\"url\":\"https:\\\/\\\/shellautomotiveproducts.com\\\/wp-content\\\/uploads\\\/2021\\\/11\\\/Camelion-Logo_2.jpg\",\"contentUrl\":\"https:\\\/\\\/shellautomotiveproducts.com\\\/wp-content\\\/uploads\\\/2021\\\/11\\\/Camelion-Logo_2.jpg\",\"width\":1000,\"height\":77,\"caption\":\"Shell Automotive Products\"},\"image\":{\"@id\":\"https:\\\/\\\/shellautomotiveproducts.com\\\/#\\\/schema\\\/logo\\\/image\\\/\"},\"sameAs\":[\"https:\\\/\\\/www.facebook.com\\\/camelionna.official\",\"https:\\\/\\\/x.com\\\/CamelionNA\",\"https:\\\/\\\/www.instagram.com\\\/camelionna\\\/\",\"https:\\\/\\\/www.linkedin.com\\\/company\\\/camelion-north-america\\\/?originalSubdomain=ca\",\"https:\\\/\\\/www.youtube.com\\\/channel\\\/UCRe8Jm5MV3fuaLhE1AQlnPg\"]}]}<\/script>\n<!-- \/ Yoast SEO plugin. -->","yoast_head_json":{"title":"Nous Joindre - Shell Automotive Products","robots":{"index":"index","follow":"follow","max-snippet":"max-snippet:-1","max-image-preview":"max-image-preview:large","max-video-preview":"max-video-preview:-1"},"canonical":"https:\/\/shellautomotiveproducts.com\/fr\/nous-joindre\/","og_locale":"fr_FR","og_type":"article","og_title":"Nous Joindre - Shell Automotive Products","og_description":"Nous Joindre Des questions, des commentaires? Dites-nous. Nous vous \u00e9coutons. 2572 Boulevard Daniel-Johnson, 2e \u00e9tage, Laval Qu\u00e9bec H7T 2R3 CanadaService et Assistance \u2013 shellsupport@camelionna.comVentes g\u00e9n\u00e9rales \u2013 shellinfo@camelionna.comService client\u00e8le \u2013 1 833 990 2624(Du lundi au vendredi entre 9 h et 17 h HNE)","og_url":"https:\/\/shellautomotiveproducts.com\/fr\/nous-joindre\/","og_site_name":"Shell Automotive Products","article_publisher":"https:\/\/www.facebook.com\/camelionna.official","article_modified_time":"2022-06-08T06:56:20+00:00","twitter_card":"summary_large_image","twitter_site":"@CamelionNA","twitter_misc":{"Dur\u00e9e de lecture estim\u00e9e":"1 minute"},"schema":{"@context":"https:\/\/schema.org","@graph":[{"@type":"WebPage","@id":"https:\/\/shellautomotiveproducts.com\/fr\/nous-joindre\/","url":"https:\/\/shellautomotiveproducts.com\/fr\/nous-joindre\/","name":"Nous Joindre - Shell Automotive Products","isPartOf":{"@id":"https:\/\/shellautomotiveproducts.com\/#website"},"datePublished":"2021-10-21T09:00:47+00:00","dateModified":"2022-06-08T06:56:20+00:00","breadcrumb":{"@id":"https:\/\/shellautomotiveproducts.com\/fr\/nous-joindre\/#breadcrumb"},"inLanguage":"fr-FR","potentialAction":[{"@type":"ReadAction","target":["https:\/\/shellautomotiveproducts.com\/fr\/nous-joindre\/"]}]},{"@type":"BreadcrumbList","@id":"https:\/\/shellautomotiveproducts.com\/fr\/nous-joindre\/#breadcrumb","itemListElement":[{"@type":"ListItem","position":1,"name":"Home","item":"https:\/\/shellautomotiveproducts.com\/fr\/"},{"@type":"ListItem","position":2,"name":"Nous Joindre"}]},{"@type":"WebSite","@id":"https:\/\/shellautomotiveproducts.com\/#website","url":"https:\/\/shellautomotiveproducts.com\/","name":"Shell Automotive Products","description":"Automotive Power Products","publisher":{"@id":"https:\/\/shellautomotiveproducts.com\/#organization"},"potentialAction":[{"@type":"SearchAction","target":{"@type":"EntryPoint","urlTemplate":"https:\/\/shellautomotiveproducts.com\/?s={search_term_string}"},"query-input":{"@type":"PropertyValueSpecification","valueRequired":true,"valueName":"search_term_string"}}],"inLanguage":"fr-FR"},{"@type":"Organization","@id":"https:\/\/shellautomotiveproducts.com\/#organization","name":"Shell Automotive Products","url":"https:\/\/shellautomotiveproducts.com\/","logo":{"@type":"ImageObject","inLanguage":"fr-FR","@id":"https:\/\/shellautomotiveproducts.com\/#\/schema\/logo\/image\/","url":"https:\/\/shellautomotiveproducts.com\/wp-content\/uploads\/2021\/11\/Camelion-Logo_2.jpg","contentUrl":"https:\/\/shellautomotiveproducts.com\/wp-content\/uploads\/2021\/11\/Camelion-Logo_2.jpg","width":1000,"height":77,"caption":"Shell Automotive Products"},"image":{"@id":"https:\/\/shellautomotiveproducts.com\/#\/schema\/logo\/image\/"},"sameAs":["https:\/\/www.facebook.com\/camelionna.official","https:\/\/x.com\/CamelionNA","https:\/\/www.instagram.com\/camelionna\/","https:\/\/www.linkedin.com\/company\/camelion-north-america\/?originalSubdomain=ca","https:\/\/www.youtube.com\/channel\/UCRe8Jm5MV3fuaLhE1AQlnPg"]}]}},"_links":{"self":[{"href":"https:\/\/shellautomotiveproducts.com\/fr\/wp-json\/wp\/v2\/pages\/6544","targetHints":{"allow":["GET"]}}],"collection":[{"href":"https:\/\/shellautomotiveproducts.com\/fr\/wp-json\/wp\/v2\/pages"}],"about":[{"href":"https:\/\/shellautomotiveproducts.com\/fr\/wp-json\/wp\/v2\/types\/page"}],"author":[{"embeddable":true,"href":"https:\/\/shellautomotiveproducts.com\/fr\/wp-json\/wp\/v2\/users\/1"}],"replies":[{"embeddable":true,"href":"https:\/\/shellautomotiveproducts.com\/fr\/wp-json\/wp\/v2\/comments?post=6544"}],"version-history":[{"count":7,"href":"https:\/\/shellautomotiveproducts.com\/fr\/wp-json\/wp\/v2\/pages\/6544\/revisions"}],"predecessor-version":[{"id":7676,"href":"https:\/\/shellautomotiveproducts.com\/fr\/wp-json\/wp\/v2\/pages\/6544\/revisions\/7676"}],"wp:attachment":[{"href":"https:\/\/shellautomotiveproducts.com\/fr\/wp-json\/wp\/v2\/media?parent=6544"}],"curies":[{"name":"wp","href":"https:\/\/api.w.org\/{rel}","templated":true}]}}