{"id":6538,"date":"2021-10-22T13:59:43","date_gmt":"2021-10-22T13:59:43","guid":{"rendered":"https:\/\/shellautomotiveproducts.com\/about-us\/"},"modified":"2022-04-22T08:27:54","modified_gmt":"2022-04-22T08:27:54","slug":"a-propos-de-nous","status":"publish","type":"page","link":"https:\/\/shellautomotiveproducts.com\/fr\/a-propos-de-nous\/","title":{"rendered":"\u00c0 propos de nous"},"content":{"rendered":"\t\t<div data-elementor-type=\"wp-page\" data-elementor-id=\"6538\" class=\"elementor elementor-6538\" data-elementor-post-type=\"page\">\n\t\t\t\t\t\t<section class=\"elementor-section elementor-top-section elementor-element elementor-element-5903f5db elementor-section-content-middle elementor-section-boxed elementor-section-height-default elementor-section-height-default\" data-id=\"5903f5db\" data-element_type=\"section\" data-e-type=\"section\" data-settings=\"{&quot;background_background&quot;:&quot;classic&quot;}\">\n\t\t\t\t\t\t\t<div class=\"elementor-background-overlay\"><\/div>\n\t\t\t\t\t\t\t<div class=\"elementor-container elementor-column-gap-no\">\n\t\t\t\t\t<div class=\"elementor-column elementor-col-100 elementor-top-column elementor-element elementor-element-572081e6\" data-id=\"572081e6\" data-element_type=\"column\" data-e-type=\"column\">\n\t\t\t<div class=\"elementor-widget-wrap elementor-element-populated\">\n\t\t\t\t\t\t<div class=\"elementor-element elementor-element-1c5699dc elementor-widget elementor-widget-heading\" data-id=\"1c5699dc\" data-element_type=\"widget\" data-e-type=\"widget\" data-widget_type=\"heading.default\">\n\t\t\t\t<div class=\"elementor-widget-container\">\n\t\t\t\t\t<h1 class=\"elementor-heading-title elementor-size-default\">\u00c0 propos de nous<\/h1>\t\t\t\t<\/div>\n\t\t\t\t<\/div>\n\t\t\t\t\t<\/div>\n\t\t<\/div>\n\t\t\t\t\t<\/div>\n\t\t<\/section>\n\t\t\t\t<section class=\"elementor-section elementor-top-section elementor-element elementor-element-ac0adeb elementor-section-boxed elementor-section-height-default elementor-section-height-default\" data-id=\"ac0adeb\" data-element_type=\"section\" data-e-type=\"section\">\n\t\t\t\t\t\t<div class=\"elementor-container elementor-column-gap-default\">\n\t\t\t\t\t<div class=\"elementor-column elementor-col-100 elementor-top-column elementor-element elementor-element-735c450a\" data-id=\"735c450a\" data-element_type=\"column\" data-e-type=\"column\" data-settings=\"{&quot;background_background&quot;:&quot;classic&quot;}\">\n\t\t\t<div class=\"elementor-widget-wrap elementor-element-populated\">\n\t\t\t\t\t\t<div class=\"elementor-element elementor-element-7af8f9e2 elementor-widget elementor-widget-text-editor\" data-id=\"7af8f9e2\" data-element_type=\"widget\" data-e-type=\"widget\" data-widget_type=\"text-editor.default\">\n\t\t\t\t<div class=\"elementor-widget-container\">\n\t\t\t\t\t\t\t\t\tCamelion Enterprises et Camelion North America sont les concessionnaires exclusifs autoris\u00e9s des produits Shell pour l&rsquo;alimentation et l&rsquo;\u00e9clairage automobile sur le march\u00e9 nord-am\u00e9ricain.\t\t\t\t\t\t\t\t<\/div>\n\t\t\t\t<\/div>\n\t\t\t\t<div class=\"elementor-element elementor-element-614ce275 elementor-widget elementor-widget-text-editor\" data-id=\"614ce275\" data-element_type=\"widget\" data-e-type=\"widget\" data-widget_type=\"text-editor.default\">\n\t\t\t\t<div class=\"elementor-widget-container\">\n\t\t\t\t\t\t\t\t\tNous avons plus de 25 ans d&rsquo;exp\u00e9rience dans la fabrication, le d\u00e9veloppement et la vente de produits de consommation tels que les batteries, les appareils d&rsquo;alimentation et d&rsquo;\u00e9clairage portables vendus dans plus de 100 pays. Notre \u00e9quipe passionn\u00e9e et d\u00e9vou\u00e9e s&rsquo;engage \u00e0 offrir le plus haut niveau de ses services pour satisfaire ses clients.\t\t\t\t\t\t\t\t<\/div>\n\t\t\t\t<\/div>\n\t\t\t\t<div class=\"elementor-element elementor-element-1f7b35d0 elementor-widget elementor-widget-text-editor\" data-id=\"1f7b35d0\" data-element_type=\"widget\" data-e-type=\"widget\" data-widget_type=\"text-editor.default\">\n\t\t\t\t<div class=\"elementor-widget-container\">\n\t\t\t\t\t\t\t\t\tChez Camelion, nous veillons \u00e0 ce que tous nos produits Shell pour l&rsquo;alimentation et l&rsquo;\u00e9clairage automobile offrent une technologie de pointe et une conception efficace. Cela nous permet de fournir des produits de qualit\u00e9 sup\u00e9rieure qui offrent une valeur exceptionnelle. Le confort, la s\u00e9curit\u00e9 et la fiabilit\u00e9 sont les \u00e9l\u00e9ments essentiels de nos produits Shell pour l&rsquo;automobile et l&rsquo;\u00e9clairage. \t\t\t\t\t\t\t\t<\/div>\n\t\t\t\t<\/div>\n\t\t\t\t<div class=\"elementor-element elementor-element-17dae19a elementor-widget elementor-widget-text-editor\" data-id=\"17dae19a\" data-element_type=\"widget\" data-e-type=\"widget\" data-widget_type=\"text-editor.default\">\n\t\t\t\t<div class=\"elementor-widget-container\">\n\t\t\t\t\t\t\t\t\tNous nous engageons \u00e0 offrir des produits de la plus haute qualit\u00e9 et la plus grande fiabilit\u00e9 qui feront leur travail lorsque vous en aurez le plus besoin.\t\t\t\t\t\t\t\t<\/div>\n\t\t\t\t<\/div>\n\t\t\t\t\t<\/div>\n\t\t<\/div>\n\t\t\t\t\t<\/div>\n\t\t<\/section>\n\t\t\t\t<\/div>\n\t\t","protected":false},"excerpt":{"rendered":"<p>\u00c0 propos de nous Camelion Enterprises et Camelion North America sont les concessionnaires exclusifs autoris\u00e9s des produits Shell pour l&rsquo;alimentation et l&rsquo;\u00e9clairage automobile sur le march\u00e9 nord-am\u00e9ricain.Nous avons plus de 25 ans d&rsquo;exp\u00e9rience dans la fabrication, le d\u00e9veloppement et la vente de produits de consommation tels que les batteries, les appareils d&rsquo;alimentation et d&rsquo;\u00e9clairage portables &hellip;<\/p>\n<p class=\"read-more\"> <a class=\"\" href=\"https:\/\/shellautomotiveproducts.com\/fr\/a-propos-de-nous\/\"> <span class=\"screen-reader-text\">\u00c0 propos de nous<\/span> Lire la suite\u00a0\u00bb<\/a><\/p>\n","protected":false},"author":1,"featured_media":0,"parent":0,"menu_order":0,"comment_status":"closed","ping_status":"closed","template":"","meta":{"footnotes":""},"class_list":["post-6538","page","type-page","status-publish","hentry"],"yoast_head":"<!-- This site is optimized with the Yoast SEO plugin v27.4 - https:\/\/yoast.com\/product\/yoast-seo-wordpress\/ -->\n<title>\u00c0 propos de nous - Shell Automotive Products<\/title>\n<meta name=\"robots\" content=\"index, follow, max-snippet:-1, max-image-preview:large, max-video-preview:-1\" \/>\n<link rel=\"canonical\" href=\"https:\/\/shellautomotiveproducts.com\/fr\/a-propos-de-nous\/\" \/>\n<meta property=\"og:locale\" content=\"fr_FR\" \/>\n<meta property=\"og:type\" content=\"article\" \/>\n<meta property=\"og:title\" content=\"\u00c0 propos de nous - Shell Automotive Products\" \/>\n<meta property=\"og:description\" content=\"\u00c0 propos de nous Camelion Enterprises et Camelion North America sont les concessionnaires exclusifs autoris\u00e9s des produits Shell pour l&rsquo;alimentation et l&rsquo;\u00e9clairage automobile sur le march\u00e9 nord-am\u00e9ricain.Nous avons plus de 25 ans d&rsquo;exp\u00e9rience dans la fabrication, le d\u00e9veloppement et la vente de produits de consommation tels que les batteries, les appareils d&rsquo;alimentation et d&rsquo;\u00e9clairage portables &hellip; \u00c0 propos de nous Lire la suite\u00a0\u00bb\" \/>\n<meta property=\"og:url\" content=\"https:\/\/shellautomotiveproducts.com\/fr\/a-propos-de-nous\/\" \/>\n<meta property=\"og:site_name\" content=\"Shell Automotive Products\" \/>\n<meta property=\"article:publisher\" content=\"https:\/\/www.facebook.com\/camelionna.official\" \/>\n<meta property=\"article:modified_time\" content=\"2022-04-22T08:27:54+00:00\" \/>\n<meta name=\"twitter:card\" content=\"summary_large_image\" \/>\n<meta name=\"twitter:site\" content=\"@CamelionNA\" \/>\n<meta name=\"twitter:label1\" content=\"Dur\u00e9e de lecture estim\u00e9e\" \/>\n\t<meta name=\"twitter:data1\" content=\"1 minute\" \/>\n<script type=\"application\/ld+json\" class=\"yoast-schema-graph\">{\"@context\":\"https:\\\/\\\/schema.org\",\"@graph\":[{\"@type\":\"WebPage\",\"@id\":\"https:\\\/\\\/shellautomotiveproducts.com\\\/fr\\\/a-propos-de-nous\\\/\",\"url\":\"https:\\\/\\\/shellautomotiveproducts.com\\\/fr\\\/a-propos-de-nous\\\/\",\"name\":\"\u00c0 propos de nous - Shell Automotive Products\",\"isPartOf\":{\"@id\":\"https:\\\/\\\/shellautomotiveproducts.com\\\/#website\"},\"datePublished\":\"2021-10-22T13:59:43+00:00\",\"dateModified\":\"2022-04-22T08:27:54+00:00\",\"breadcrumb\":{\"@id\":\"https:\\\/\\\/shellautomotiveproducts.com\\\/fr\\\/a-propos-de-nous\\\/#breadcrumb\"},\"inLanguage\":\"fr-FR\",\"potentialAction\":[{\"@type\":\"ReadAction\",\"target\":[\"https:\\\/\\\/shellautomotiveproducts.com\\\/fr\\\/a-propos-de-nous\\\/\"]}]},{\"@type\":\"BreadcrumbList\",\"@id\":\"https:\\\/\\\/shellautomotiveproducts.com\\\/fr\\\/a-propos-de-nous\\\/#breadcrumb\",\"itemListElement\":[{\"@type\":\"ListItem\",\"position\":1,\"name\":\"Home\",\"item\":\"https:\\\/\\\/shellautomotiveproducts.com\\\/fr\\\/\"},{\"@type\":\"ListItem\",\"position\":2,\"name\":\"\u00c0 propos de nous\"}]},{\"@type\":\"WebSite\",\"@id\":\"https:\\\/\\\/shellautomotiveproducts.com\\\/#website\",\"url\":\"https:\\\/\\\/shellautomotiveproducts.com\\\/\",\"name\":\"Shell Automotive Products\",\"description\":\"Automotive Power Products\",\"publisher\":{\"@id\":\"https:\\\/\\\/shellautomotiveproducts.com\\\/#organization\"},\"potentialAction\":[{\"@type\":\"SearchAction\",\"target\":{\"@type\":\"EntryPoint\",\"urlTemplate\":\"https:\\\/\\\/shellautomotiveproducts.com\\\/?s={search_term_string}\"},\"query-input\":{\"@type\":\"PropertyValueSpecification\",\"valueRequired\":true,\"valueName\":\"search_term_string\"}}],\"inLanguage\":\"fr-FR\"},{\"@type\":\"Organization\",\"@id\":\"https:\\\/\\\/shellautomotiveproducts.com\\\/#organization\",\"name\":\"Shell Automotive Products\",\"url\":\"https:\\\/\\\/shellautomotiveproducts.com\\\/\",\"logo\":{\"@type\":\"ImageObject\",\"inLanguage\":\"fr-FR\",\"@id\":\"https:\\\/\\\/shellautomotiveproducts.com\\\/#\\\/schema\\\/logo\\\/image\\\/\",\"url\":\"https:\\\/\\\/shellautomotiveproducts.com\\\/wp-content\\\/uploads\\\/2021\\\/11\\\/Camelion-Logo_2.jpg\",\"contentUrl\":\"https:\\\/\\\/shellautomotiveproducts.com\\\/wp-content\\\/uploads\\\/2021\\\/11\\\/Camelion-Logo_2.jpg\",\"width\":1000,\"height\":77,\"caption\":\"Shell Automotive Products\"},\"image\":{\"@id\":\"https:\\\/\\\/shellautomotiveproducts.com\\\/#\\\/schema\\\/logo\\\/image\\\/\"},\"sameAs\":[\"https:\\\/\\\/www.facebook.com\\\/camelionna.official\",\"https:\\\/\\\/x.com\\\/CamelionNA\",\"https:\\\/\\\/www.instagram.com\\\/camelionna\\\/\",\"https:\\\/\\\/www.linkedin.com\\\/company\\\/camelion-north-america\\\/?originalSubdomain=ca\",\"https:\\\/\\\/www.youtube.com\\\/channel\\\/UCRe8Jm5MV3fuaLhE1AQlnPg\"]}]}<\/script>\n<!-- \/ Yoast SEO plugin. -->","yoast_head_json":{"title":"\u00c0 propos de nous - Shell Automotive Products","robots":{"index":"index","follow":"follow","max-snippet":"max-snippet:-1","max-image-preview":"max-image-preview:large","max-video-preview":"max-video-preview:-1"},"canonical":"https:\/\/shellautomotiveproducts.com\/fr\/a-propos-de-nous\/","og_locale":"fr_FR","og_type":"article","og_title":"\u00c0 propos de nous - Shell Automotive Products","og_description":"\u00c0 propos de nous Camelion Enterprises et Camelion North America sont les concessionnaires exclusifs autoris\u00e9s des produits Shell pour l&rsquo;alimentation et l&rsquo;\u00e9clairage automobile sur le march\u00e9 nord-am\u00e9ricain.Nous avons plus de 25 ans d&rsquo;exp\u00e9rience dans la fabrication, le d\u00e9veloppement et la vente de produits de consommation tels que les batteries, les appareils d&rsquo;alimentation et d&rsquo;\u00e9clairage portables &hellip; \u00c0 propos de nous Lire la suite\u00a0\u00bb","og_url":"https:\/\/shellautomotiveproducts.com\/fr\/a-propos-de-nous\/","og_site_name":"Shell Automotive Products","article_publisher":"https:\/\/www.facebook.com\/camelionna.official","article_modified_time":"2022-04-22T08:27:54+00:00","twitter_card":"summary_large_image","twitter_site":"@CamelionNA","twitter_misc":{"Dur\u00e9e de lecture estim\u00e9e":"1 minute"},"schema":{"@context":"https:\/\/schema.org","@graph":[{"@type":"WebPage","@id":"https:\/\/shellautomotiveproducts.com\/fr\/a-propos-de-nous\/","url":"https:\/\/shellautomotiveproducts.com\/fr\/a-propos-de-nous\/","name":"\u00c0 propos de nous - Shell Automotive Products","isPartOf":{"@id":"https:\/\/shellautomotiveproducts.com\/#website"},"datePublished":"2021-10-22T13:59:43+00:00","dateModified":"2022-04-22T08:27:54+00:00","breadcrumb":{"@id":"https:\/\/shellautomotiveproducts.com\/fr\/a-propos-de-nous\/#breadcrumb"},"inLanguage":"fr-FR","potentialAction":[{"@type":"ReadAction","target":["https:\/\/shellautomotiveproducts.com\/fr\/a-propos-de-nous\/"]}]},{"@type":"BreadcrumbList","@id":"https:\/\/shellautomotiveproducts.com\/fr\/a-propos-de-nous\/#breadcrumb","itemListElement":[{"@type":"ListItem","position":1,"name":"Home","item":"https:\/\/shellautomotiveproducts.com\/fr\/"},{"@type":"ListItem","position":2,"name":"\u00c0 propos de nous"}]},{"@type":"WebSite","@id":"https:\/\/shellautomotiveproducts.com\/#website","url":"https:\/\/shellautomotiveproducts.com\/","name":"Shell Automotive Products","description":"Automotive Power Products","publisher":{"@id":"https:\/\/shellautomotiveproducts.com\/#organization"},"potentialAction":[{"@type":"SearchAction","target":{"@type":"EntryPoint","urlTemplate":"https:\/\/shellautomotiveproducts.com\/?s={search_term_string}"},"query-input":{"@type":"PropertyValueSpecification","valueRequired":true,"valueName":"search_term_string"}}],"inLanguage":"fr-FR"},{"@type":"Organization","@id":"https:\/\/shellautomotiveproducts.com\/#organization","name":"Shell Automotive Products","url":"https:\/\/shellautomotiveproducts.com\/","logo":{"@type":"ImageObject","inLanguage":"fr-FR","@id":"https:\/\/shellautomotiveproducts.com\/#\/schema\/logo\/image\/","url":"https:\/\/shellautomotiveproducts.com\/wp-content\/uploads\/2021\/11\/Camelion-Logo_2.jpg","contentUrl":"https:\/\/shellautomotiveproducts.com\/wp-content\/uploads\/2021\/11\/Camelion-Logo_2.jpg","width":1000,"height":77,"caption":"Shell Automotive Products"},"image":{"@id":"https:\/\/shellautomotiveproducts.com\/#\/schema\/logo\/image\/"},"sameAs":["https:\/\/www.facebook.com\/camelionna.official","https:\/\/x.com\/CamelionNA","https:\/\/www.instagram.com\/camelionna\/","https:\/\/www.linkedin.com\/company\/camelion-north-america\/?originalSubdomain=ca","https:\/\/www.youtube.com\/channel\/UCRe8Jm5MV3fuaLhE1AQlnPg"]}]}},"_links":{"self":[{"href":"https:\/\/shellautomotiveproducts.com\/fr\/wp-json\/wp\/v2\/pages\/6538","targetHints":{"allow":["GET"]}}],"collection":[{"href":"https:\/\/shellautomotiveproducts.com\/fr\/wp-json\/wp\/v2\/pages"}],"about":[{"href":"https:\/\/shellautomotiveproducts.com\/fr\/wp-json\/wp\/v2\/types\/page"}],"author":[{"embeddable":true,"href":"https:\/\/shellautomotiveproducts.com\/fr\/wp-json\/wp\/v2\/users\/1"}],"replies":[{"embeddable":true,"href":"https:\/\/shellautomotiveproducts.com\/fr\/wp-json\/wp\/v2\/comments?post=6538"}],"version-history":[{"count":4,"href":"https:\/\/shellautomotiveproducts.com\/fr\/wp-json\/wp\/v2\/pages\/6538\/revisions"}],"predecessor-version":[{"id":6543,"href":"https:\/\/shellautomotiveproducts.com\/fr\/wp-json\/wp\/v2\/pages\/6538\/revisions\/6543"}],"wp:attachment":[{"href":"https:\/\/shellautomotiveproducts.com\/fr\/wp-json\/wp\/v2\/media?parent=6538"}],"curies":[{"name":"wp","href":"https:\/\/api.w.org\/{rel}","templated":true}]}}